{"id":715,"date":"2025-10-27T18:58:07","date_gmt":"2025-10-27T17:58:07","guid":{"rendered":"https:\/\/goyerchtest.portal.iw-s.cloud\/?page_id=715"},"modified":"2025-11-20T21:24:47","modified_gmt":"2025-11-20T20:24:47","slug":"probandenpool","status":"publish","type":"page","link":"https:\/\/goyerchtest.portal.iw-s.cloud\/?page_id=715","title":{"rendered":"Probandenpool"},"content":{"rendered":"\t\t<div data-elementor-type=\"wp-page\" data-elementor-id=\"715\" class=\"elementor elementor-715\">\n\t\t\t\t<div class=\"elementor-element elementor-element-cc9e1c9 e-flex e-con-boxed e-con e-parent\" data-id=\"cc9e1c9\" data-element_type=\"container\" data-e-type=\"container\">\n\t\t\t\t\t<div class=\"e-con-inner\">\n\t\t\t\t<div class=\"elementor-element elementor-element-b8fe175 elementor-widget elementor-widget-heading\" data-id=\"b8fe175\" data-element_type=\"widget\" data-e-type=\"widget\" data-widget_type=\"heading.default\">\n\t\t\t\t\t<h2 class=\"elementor-heading-title elementor-size-default\"><h1 style=\"padding: 10px 0px 3px;margin-bottom: 0px;font-size: 24px;font-weight: normal;, Helvetica, Arial, sans-serif;letter-spacing: 0.48px;text-align: justify\"><big>Probandenpool f\u00fcr die Forschung<\/big><\/h1><\/h2>\t\t\t\t<\/div>\n\t\t\t\t\t<\/div>\n\t\t\t\t<\/div>\n\t\t<div class=\"elementor-element elementor-element-c359e4a e-flex e-con-boxed e-con e-parent\" data-id=\"c359e4a\" data-element_type=\"container\" data-e-type=\"container\">\n\t\t\t\t\t<div class=\"e-con-inner\">\n\t\t\t\t<div class=\"elementor-element elementor-element-2449068 elementor-widget elementor-widget-text-editor\" data-id=\"2449068\" data-element_type=\"widget\" data-e-type=\"widget\" data-widget_type=\"text-editor.default\">\n\t\t\t\t\t\t\t\t\t<div style=\"color: #444444; font-family: 'Open Sans', Helvetica, Arial, sans-serif; font-size: medium; letter-spacing: 0.48px; text-align: justify;\"><p><strong>Hintergrund und Zielsetzung:<\/strong><\/p><p>Bereits bei der Entscheidungsfindung \u00fcber potenzielle Forschungsprojekte im Bereich BID stehen Wissenschaftlerinnen und Wissenschaftler oft vor einer entscheidenden Frage: Gibt es gen\u00fcgend Probandinnen und Probanden, um die Studie durchzuf\u00fchren? Eine unzureichende Verf\u00fcgbarkeit von Teilnehmenden kann dazu f\u00fchren, dass vielversprechende Studien nicht ins Leben gerufen werden oder bestimmte Auspr\u00e4gungsformen von BID gar nicht erst Gegenstand der Forschung sind, weil nicht sicher ist, wie viele Probanden zur Verf\u00fcgung st\u00e4nden. In Bezug auf die Finanzierbarkeit und den qualitativen Mehrwert einer Studie ist es aber entscheidend, wie viele Probanden zur Verf\u00fcgung stehen.<\/p><p>Hier setzt unser Probandenpool an. Der Probandenpool des VFSK e.V. bildet eine Br\u00fccke zwischen engagierten Forschenden und Menschen, die von BID betroffen sind. Ziel ist es einerseits, Forscherinnen und Forschern den Zugang zu einer ausreichenden Anzahl geeigneter Probandinnen und Probanden zu erleichtern, um Studien zu BID voranzutreiben. Andererseits sollen Betroffene die M\u00f6glichkeit haben aktiv mitzuwirken, indem sie durch den Newsletter regelm\u00e4\u00dfig \u00fcber aktive Forschungsprojekte informiert werden, Einladungen zu Studien erhalten und ggf. an diesen aktiv teilnehmen. Als VFSK e.V. wollen wir auf diese Art die Zusammenarbeit von Selbsthilfe und Forschung st\u00e4rken.<\/p><p><strong>So funktioniert der Probandenpool:<\/strong><\/p><p><strong>F\u00fcr Teilnehmende:<\/strong><\/p><p>Der Probandenpool ist in erster Linie als ein erweitertes Newsletter-System konzipiert, das eine schnelle und sichere Vernetzung zwischen Forschenden und Betroffenen erm\u00f6glicht. Die Anmeldung im Probandenpool erfolgt auf freiwilliger Basis und erfordert nur wenige Informationen, um Ihre Privatsph\u00e4re zu sch\u00fctzen:<\/p><\/div><div style=\"color: #444444; font-family: 'Open Sans', Helvetica, Arial, sans-serif; font-size: medium; letter-spacing: 0.48px; text-align: justify; margin-left: 18pt;\"><ul><li>Ihre E-Mail-Adresse (auch anonymisiert m\u00f6glich)<\/li><li>Auswahl von relevanten Kategorien (z. B. BID-Amp, BID-QSL, Sonstige)<\/li><li>Gegebenenfalls weitere optionale Informationen<\/li><\/ul><\/div><div style=\"color: #444444; font-family: 'Open Sans', Helvetica, Arial, sans-serif; font-size: medium; letter-spacing: 0.48px; text-align: justify;\"><p>Als Mitglied unseres Probandenpools erhalten Sie die M\u00f6glichkeit, aktiv an BID-Forschungsprojekten teilzunehmen. Wenn ein Projekt gestartet wird, erhalten Sie von uns eine E-Mail, in der das Projekt kurz vorgestellt wird und ein Link zur offiziellen Studienseite bereitgestellt wird. Diese E-Mail erm\u00f6glicht es Ihnen, selbst zu entscheiden, ob Sie an der Studie teilnehmen m\u00f6chten. Ihre E-Mail-Adresse bleibt dabei gesch\u00fctzt und wird zu keinem Zeitpunkt an dritte weitergegeben.<\/p><p>Eine Abmeldung ist nat\u00fcrlich jederzeit \u00fcber einen Link in jeder Mail m\u00f6glich.<\/p><\/div>\t\t\t\t\t\t\t\t<\/div>\n\t\t\t\t\t<\/div>\n\t\t\t\t<\/div>\n\t\t<div class=\"elementor-element elementor-element-88d73af e-flex e-con-boxed e-con e-parent\" data-id=\"88d73af\" data-element_type=\"container\" data-e-type=\"container\">\n\t\t\t\t\t<div class=\"e-con-inner\">\n\t\t\t\t<div class=\"elementor-element elementor-element-70c3c74 elementor-widget elementor-widget-html\" data-id=\"70c3c74\" data-element_type=\"widget\" data-e-type=\"widget\" data-widget_type=\"html.default\">\n\t\t\t\t\t<iframe width=\"540\" height=\"905\" src=\"https:\/\/98d12c7a.sibforms.com\/serve\/MUIFAJek2F5FtXOKH8fI4WtDZCYXubggIYw4D1Y1Sta_dXetfFGtY-E5oS6IFo_PS5bUSw76cFIEGBQ4RFKP4eY-QQBAFq7cAN5_vdN6gq9yiaK7LafvbQxkqzN85Fq2noyKFDHxcN8U5Pg4MelUPwUSp2zaPvgqlaQ3qaeBBBc0JaIrM779Bwz23r_ZTv1rGGq-DYLU6b2a5Ulr\" frameborder=\"0\" scrolling=\"auto\" allowfullscreen style=\"display: block;margin-left: auto;margin-right: auto;max-width: 100%;\"><\/iframe>\t\t\t\t<\/div>\n\t\t\t\t\t<\/div>\n\t\t\t\t<\/div>\n\t\t<div class=\"elementor-element elementor-element-8ac7223 e-flex e-con-boxed e-con e-parent\" data-id=\"8ac7223\" data-element_type=\"container\" data-e-type=\"container\">\n\t\t\t\t\t<div class=\"e-con-inner\">\n\t\t\t\t<div class=\"elementor-element elementor-element-dfdae3b elementor-widget elementor-widget-text-editor\" data-id=\"dfdae3b\" data-element_type=\"widget\" data-e-type=\"widget\" data-widget_type=\"text-editor.default\">\n\t\t\t\t\t\t\t\t\t<div style=\"color: rgb(68, 68, 68); font-family: &quot;Open Sans&quot;, Helvetica, Arial, sans-serif; font-size: medium; letter-spacing: 0.48px; text-align: justify;\"><p><strong>F\u00fcr Forschende:<\/strong><\/p><p>&nbsp;<\/p><p>Haben Sie interessante Neuigkeiten oder suchen Probanden f\u00fcr eine neue Studie? Dann senden Sie uns gerne eine Mail an:&nbsp;<a href=\"mailto:Probandenpool@vfsk.eu\" style=\"color: rgb(27, 104, 235);\">Probandenpool@vfsk.eu<\/a><\/p><p>&nbsp;<\/p><p>Falls wir uns noch nicht kennen, freuen wir uns \u00fcber eine kurze Vorstellung und eine Beschreibung der geplanten Studie. Wir k\u00f6nnen Ihnen kurzfristig mitteilen, wie viele potentielle ProbandInnen wir f\u00fcr Ihren Zweck erreichen k\u00f6nnen.<\/p><p>Findet die Studie statt, versenden wir eine Mail an die relevanten Kontakte. Die Teilnehmer entscheiden dann selbst, ob sie an der Studie teilnehmen m\u00f6chten.&nbsp;<\/p><\/div><div style=\"color: rgb(68, 68, 68); font-family: &quot;Open Sans&quot;, Helvetica, Arial, sans-serif; font-size: medium; letter-spacing: 0.48px; text-align: justify;\"><p><strong>Datenschutz:<\/strong><\/p><p>Wir verstehen die Bedenken hinsichtlich des Datenschutzes und der Privatsph\u00e4re, daher geben wir niemals Daten weiter: Gibt es eine neue Studie, versenden wir einen Newsletter an alle Teilnehmenden. In dieser Mail befindet sich dann ein Link zur Studie oder eine Mailadresse, an die man sich wenden kann. Somit haben die Empf\u00e4nger zu jeder Zeit selbst die Entscheidung, ob sie Kontakt aufnehmen oder teilnehmen wollen.<\/p><p>Die bereitgestellten Informationen werden vertraulich behandelt und ausschlie\u00dflich f\u00fcr den Zweck der Vernetzung mit Forschungsprojekten im Bereich BID genutzt. Wir benutzen f\u00fcr die Anmeldung und das Versenden die Plattform von \u201eBrevo\u201c \u2013 Diese wird auf europ\u00e4ischen Servern betrieben und erf\u00fcllt alle Anforderungen der DSGVO. Weitere Informationen von Brevo gibt es hier:&nbsp;<a href=\"https:\/\/www.brevo.com\/de\/datenschutz-uebersicht\/\" style=\"color: rgb(27, 104, 235);\">https:\/\/www.brevo.com\/de\/datenschutz-uebersicht\/<\/a><\/p><\/div>\t\t\t\t\t\t\t\t<\/div>\n\t\t\t\t\t<\/div>\n\t\t\t\t<\/div>\n\t\t\t\t<\/div>\n\t\t","protected":false},"excerpt":{"rendered":"<p>Probandenpool f\u00fcr die Forschung Hintergrund und Zielsetzung: Bereits bei der Entscheidungsfindung \u00fcber potenzielle Forschungsprojekte im Bereich BID stehen Wissenschaftlerinnen und Wissenschaftler oft vor einer entscheidenden Frage: Gibt es gen\u00fcgend Probandinnen und Probanden, um die Studie durchzuf\u00fchren? Eine unzureichende Verf\u00fcgbarkeit von Teilnehmenden kann dazu f\u00fchren, dass vielversprechende Studien nicht ins Leben gerufen werden oder bestimmte Auspr\u00e4gungsformen [&hellip;]<\/p>\n","protected":false},"author":1,"featured_media":0,"parent":0,"menu_order":0,"comment_status":"closed","ping_status":"closed","template":"","meta":{"_bbp_topic_count":0,"_bbp_reply_count":0,"_bbp_total_topic_count":0,"_bbp_total_reply_count":0,"_bbp_voice_count":0,"_bbp_anonymous_reply_count":0,"_bbp_topic_count_hidden":0,"_bbp_reply_count_hidden":0,"_bbp_forum_subforum_count":0,"_uag_custom_page_level_css":"","footnotes":""},"class_list":["post-715","page","type-page","status-publish","hentry"],"uagb_featured_image_src":{"full":false,"thumbnail":false,"medium":false,"medium_large":false,"large":false,"1536x1536":false,"2048x2048":false},"uagb_author_info":{"display_name":"admin","author_link":"https:\/\/goyerchtest.portal.iw-s.cloud\/?author=1"},"uagb_comment_info":0,"uagb_excerpt":"Probandenpool f\u00fcr die Forschung Hintergrund und Zielsetzung: Bereits bei der Entscheidungsfindung \u00fcber potenzielle Forschungsprojekte im Bereich BID stehen Wissenschaftlerinnen und Wissenschaftler oft vor einer entscheidenden Frage: Gibt es gen\u00fcgend Probandinnen und Probanden, um die Studie durchzuf\u00fchren? Eine unzureichende Verf\u00fcgbarkeit von Teilnehmenden kann dazu f\u00fchren, dass vielversprechende Studien nicht ins Leben gerufen werden oder bestimmte Auspr\u00e4gungsformen&hellip;","_links":{"self":[{"href":"https:\/\/goyerchtest.portal.iw-s.cloud\/index.php?rest_route=\/wp\/v2\/pages\/715","targetHints":{"allow":["GET"]}}],"collection":[{"href":"https:\/\/goyerchtest.portal.iw-s.cloud\/index.php?rest_route=\/wp\/v2\/pages"}],"about":[{"href":"https:\/\/goyerchtest.portal.iw-s.cloud\/index.php?rest_route=\/wp\/v2\/types\/page"}],"author":[{"embeddable":true,"href":"https:\/\/goyerchtest.portal.iw-s.cloud\/index.php?rest_route=\/wp\/v2\/users\/1"}],"replies":[{"embeddable":true,"href":"https:\/\/goyerchtest.portal.iw-s.cloud\/index.php?rest_route=%2Fwp%2Fv2%2Fcomments&post=715"}],"version-history":[{"count":23,"href":"https:\/\/goyerchtest.portal.iw-s.cloud\/index.php?rest_route=\/wp\/v2\/pages\/715\/revisions"}],"predecessor-version":[{"id":878,"href":"https:\/\/goyerchtest.portal.iw-s.cloud\/index.php?rest_route=\/wp\/v2\/pages\/715\/revisions\/878"}],"wp:attachment":[{"href":"https:\/\/goyerchtest.portal.iw-s.cloud\/index.php?rest_route=%2Fwp%2Fv2%2Fmedia&parent=715"}],"curies":[{"name":"wp","href":"https:\/\/api.w.org\/{rel}","templated":true}]}}