{"id":80,"date":"2017-11-07T13:21:24","date_gmt":"2017-11-07T13:21:24","guid":{"rendered":"http:\/\/localhost\/wordpress\/townpress-content\/?page_id=80"},"modified":"2026-03-01T17:21:04","modified_gmt":"2026-03-01T16:21:04","slug":"home-1","status":"publish","type":"page","link":"https:\/\/goyerchtest.portal.iw-s.cloud\/","title":{"rendered":"Willkommen auf der Seite des VFSK"},"content":{"rendered":"\n<p><\/p>\n\n\n\n<h1 class=\"wp-block-heading\">Der Verein zur F\u00f6rderung von Studien \u00fcber K\u00f6rperidentit\u00e4tsst\u00f6rungen<\/h1>\n\n\n\n<p>wurde im M\u00e4rz 2013 in Z\u00fcrich gegr\u00fcndet, wo parallel eine wissenschaftliche Konferenz, die Xenomelia-Conference, zu diesem Thema abgehalten wurde. Die Mitglieder des F\u00f6rdervereins setzen sich aus Wissenschaftlern, \u00c4rzten, Psychologen, Betroffenen und Interessierten zusammen. Wir sind im Vereinsregister Freiburg im Breisgau eingetragen und wurden als gemeinn\u00fctziger Verein anerkannt.<\/p>\n\n\n\n<h3 class=\"wp-block-heading\">Unsere Ziele:<\/h3>\n\n\n\n<ul class=\"wp-block-list\">\n<li>Hauptaufgabe des Vereins ist es den Kontakt zu den weltweit an BID forschenden Wissenschaftlern und Universit\u00e4ten aufrecht zu erhalten und zu erweitern. Wir sind im \u00f6ffentlichen Bereich die Plattform f\u00fcr wissenschaftliche Publikationen zum Thema BID. Parallel dazu sollen die einsehbaren Publikationen den medizinischen Fachpersonen dienen, sich umfassend \u00fcber die Forschungsarbeiten bez\u00fcglich BID zu orientieren.<\/li>\n<\/ul>\n\n\n\n<p><\/p>\n\n\n\n<p><strong>Was ist \u201eBody Integrity Dysphoria\u201c (BID)?<\/strong><\/p>\n\n\n\n<p>Body Integrity Dysphoria (BID) wurde bislang auch als&nbsp;<strong>Body Integrity Identity Disorder<\/strong>&nbsp;(BIID),&nbsp;<strong>Xenomelia<\/strong>,&nbsp;<strong>Amputee Identity Disorder<\/strong>&nbsp;oder&nbsp;<strong>Apotemnophilie<\/strong>&nbsp;bezeichnet. Im Jahr 2019 erfolgte eine Aufnahme in die 11. Version der Internationalen Klassifikation von Krankheiten (ICD = International Classification of Diseases), hierbei haben sich die Fachleute auf die neue Bezeichnung \u201eBID\u201c geeinigt.<\/p>\n\n\n\n<p>BID ist das tiefe Empfinden einer Person, dass sich bestimmte K\u00f6rperteile oder K\u00f6rperfunktionen fremd anf\u00fchlen oder nicht zur eigenen Person geh\u00f6ren. Es kommt zu einer Deckungs-Ungleichheit zwischen innerem gef\u00fchlten K\u00f6rperbild und \u00e4u\u00dferem tats\u00e4chlichen K\u00f6rperbild.<\/p>\n\n\n\n<p>Dieser Unterschied im gef\u00fchlten K\u00f6rperbild und der Realit\u00e4t erzeugt bei uns Betroffenen einen hohen Leidensdruck. Bei der oftmals als BID-A beschriebenen Variante, wird das betroffene K\u00f6rperteil in G\u00e4nze als nicht zum eigenen K\u00f6rper geh\u00f6rend erlebt, bei BID-L ist das Vorhandensein des K\u00f6rperteils in Ordnung, jegliche Signale vom oder zum K\u00f6rperteil sind jedoch falsch. In seltenen F\u00e4llen k\u00f6nnen auch Formen auftreten, bei denen Betroffene das Gef\u00fchl haben, dass der eigene K\u00f6rper eigentlich blind oder geh\u00f6rlos sein sollte oder dass die eigenen Z\u00e4hne nicht als zu sich geh\u00f6rend empfunden werden. Vornehmlich sind die Beine betroffen, die sich \u201efremd\u201c anf\u00fchlen. Die einzige L\u00f6sung, diesen Leidensdruck zu senken liegt in der Erlangung des empfundenen K\u00f6rperbildes.<\/p>\n\n\n\n<p><strong>Der Eintrag ins ICD11<\/strong><\/p>\n\n\n\n<p>Der wichtigste Schritt zur Anerkennung von BID ist die inzwischen erfolgte Eintragung ins kommende ICD11 \u2013 hierdurch k\u00f6nnen Therapeuten, Versicherungen und Beh\u00f6rden BID in&nbsp; ihre Systeme integrieren, die Finanzierung von Forschungen wird einfacher und BID ist somit \u201eoffiziell\u201c.<\/p>\n\n\n\n<p><em>Der Originaltext des neuen ICD-11 kann hier abgerufen werden:<a href=\"https:\/\/icd.who.int\/browse11\/l-m\/en#\/http%3a%2f%2fid.who.int%2ficd%2fentity%2f256572629\" target=\"_blank\" rel=\"noreferrer noopener\">ICD-11 for Mortality and Morbidity Statistics: 6C21 Body integrity dysphoria<\/a><\/em><\/p>\n\n\n\n<p>Eine deutsche \u00dcbersetzung w\u00fcrde in etwa lauten:<\/p>\n\n\n\n<p>6C21 Dysphorie der K\u00f6rperintegrit\u00e4t<\/p>\n\n\n\n<p>St\u00f6rungen der k\u00f6rperlichen Belastung oder der k\u00f6rperlichen Erfahrung<\/p>\n\n\n\n<p><strong>Beschreibung:<\/strong><br><em>Die K\u00f6rperintegrit\u00e4tsdysphorie ist gekennzeichnet durch ein intensives und anhaltendes Verlangen k\u00f6rperlich beeintr\u00e4chtigt zu werden (z. B. Amputation von wichtigen Gliedma\u00dfen, Querschnittsl\u00e4hmung, Blindheit), mit Beginn in der fr\u00fchen Pubert\u00e4t, begleitet von anhaltendem Unbehagen oder intensiven Gef\u00fchlen der Unangemessenheit der gegenw\u00e4rtigen unbehinderten K\u00f6rperkonfiguration. Das Verlangen, stark beeintr\u00e4chtigt zu werden, \u00e4u\u00dfert sich in sch\u00e4digenden Konsequenzen, die sich z.B. in der Besch\u00e4ftigung mit dem Verlangen manifestiert (inklusive der Zeit, die f\u00fcr eine Nachahmung der Behinderung investiert wird) und die die Produktivit\u00e4t, Freizeitaktivit\u00e4ten und sozialen Funktionen erheblich beeintr\u00e4chtigt (z.B. eine Person umgeht enge Beziehungen, da das Pretenden dadurch schwierig werden w\u00fcrde) oder durch Versuche tats\u00e4chlich eine Behinderung zu erlangen, die darin resultieren k\u00f6nnen, dass die Person ihre Gesundheit in ernsthafte Gefahr bringt.<\/em><\/p>\n\n\n\n<p>BID ist keine \u201ePsychose\u201c, die Betroffenen sind also nicht verr\u00fcckt. Unz\u00e4hlige Studien haben weltweit gezeigt, dass psychische Erkrankungen hier nicht \u00f6fter vorkommen als im Durchschnitt der Bev\u00f6lkerung. Die meisten leben unauff\u00e4llig in normalen Umst\u00e4nden, haben einen Partner und Freunde, gehen arbeiten und zahlen Steuern. Eine rationale Erkl\u00e4rung, woher die Ver\u00e4nderung des K\u00f6rperbildes kommt, konnte bislang noch niemand abgeben. F\u00fcr die Betroffenen selbst ist dieser Drang erstaunlich, viele reagieren besonders am Anfang angstvoll und verunsichert. Fakt ist, dass sich niemand diese St\u00f6rung ausgesucht hat. Niemand kann etwas daf\u00fcr. Der Leidensdruck durch die Unzufriedenheit damit, in einem als unpassend empfundenen K\u00f6rper leben zu m\u00fcssen, kann aber immens sein. Bei den meisten ist der Drang so schamhaft besetzt, dass mit niemandem dar\u00fcber geredet werden kann, was weiteren Leidensdruck erzeugt.<\/p>\n\n\n\n<p><\/p>\n\n\n\n<div class=\"wp-block-uagb-buttons uagb-buttons__outer-wrap uagb-btn__default-btn uagb-btn-tablet__default-btn uagb-btn-mobile__default-btn uagb-block-253f2ec0\"><div class=\"uagb-buttons__wrap uagb-buttons-layout-wrap \"><\/div><\/div>\n\n\n\n<p><\/p>\n","protected":false},"excerpt":{"rendered":"<p>Der Verein zur F\u00f6rderung von Studien \u00fcber K\u00f6rperidentit\u00e4tsst\u00f6rungen wurde im M\u00e4rz 2013 in Z\u00fcrich gegr\u00fcndet, wo parallel eine wissenschaftliche Konferenz, die Xenomelia-Conference, zu diesem Thema abgehalten wurde. Die Mitglieder des F\u00f6rdervereins setzen sich aus Wissenschaftlern, \u00c4rzten, Psychologen, Betroffenen und Interessierten zusammen. Wir sind im Vereinsregister Freiburg im Breisgau eingetragen und wurden als gemeinn\u00fctziger Verein anerkannt. [&hellip;]<\/p>\n","protected":false},"author":1,"featured_media":0,"parent":0,"menu_order":0,"comment_status":"closed","ping_status":"closed","template":"page-templates\/not-boxed.php","meta":{"_bbp_topic_count":0,"_bbp_reply_count":0,"_bbp_total_topic_count":0,"_bbp_total_reply_count":0,"_bbp_voice_count":0,"_bbp_anonymous_reply_count":0,"_bbp_topic_count_hidden":0,"_bbp_reply_count_hidden":0,"_bbp_forum_subforum_count":0,"_uag_custom_page_level_css":"","footnotes":""},"class_list":["post-80","page","type-page","status-publish","hentry"],"uagb_featured_image_src":{"full":false,"thumbnail":false,"medium":false,"medium_large":false,"large":false,"1536x1536":false,"2048x2048":false},"uagb_author_info":{"display_name":"admin","author_link":"https:\/\/goyerchtest.portal.iw-s.cloud\/?author=1"},"uagb_comment_info":0,"uagb_excerpt":"Der Verein zur F\u00f6rderung von Studien \u00fcber K\u00f6rperidentit\u00e4tsst\u00f6rungen wurde im M\u00e4rz 2013 in Z\u00fcrich gegr\u00fcndet, wo parallel eine wissenschaftliche Konferenz, die Xenomelia-Conference, zu diesem Thema abgehalten wurde. Die Mitglieder des F\u00f6rdervereins setzen sich aus Wissenschaftlern, \u00c4rzten, Psychologen, Betroffenen und Interessierten zusammen. Wir sind im Vereinsregister Freiburg im Breisgau eingetragen und wurden als gemeinn\u00fctziger Verein anerkannt.&hellip;","_links":{"self":[{"href":"https:\/\/goyerchtest.portal.iw-s.cloud\/index.php?rest_route=\/wp\/v2\/pages\/80","targetHints":{"allow":["GET"]}}],"collection":[{"href":"https:\/\/goyerchtest.portal.iw-s.cloud\/index.php?rest_route=\/wp\/v2\/pages"}],"about":[{"href":"https:\/\/goyerchtest.portal.iw-s.cloud\/index.php?rest_route=\/wp\/v2\/types\/page"}],"author":[{"embeddable":true,"href":"https:\/\/goyerchtest.portal.iw-s.cloud\/index.php?rest_route=\/wp\/v2\/users\/1"}],"replies":[{"embeddable":true,"href":"https:\/\/goyerchtest.portal.iw-s.cloud\/index.php?rest_route=%2Fwp%2Fv2%2Fcomments&post=80"}],"version-history":[{"count":16,"href":"https:\/\/goyerchtest.portal.iw-s.cloud\/index.php?rest_route=\/wp\/v2\/pages\/80\/revisions"}],"predecessor-version":[{"id":990,"href":"https:\/\/goyerchtest.portal.iw-s.cloud\/index.php?rest_route=\/wp\/v2\/pages\/80\/revisions\/990"}],"wp:attachment":[{"href":"https:\/\/goyerchtest.portal.iw-s.cloud\/index.php?rest_route=%2Fwp%2Fv2%2Fmedia&parent=80"}],"curies":[{"name":"wp","href":"https:\/\/api.w.org\/{rel}","templated":true}]}}